{"id":4007,"date":"2021-01-05T15:18:38","date_gmt":"2021-01-05T07:18:38","guid":{"rendered":"http:\/\/duunodevapp01.azurewebsites.net\/?page_id=4007"},"modified":"2021-10-26T11:22:49","modified_gmt":"2021-10-26T03:22:49","slug":"terms-and-conditions","status":"publish","type":"page","link":"https:\/\/www.duunokid.com\/fr\/terms-and-conditions\/","title":{"rendered":"Terms &#038; Conditions"},"content":{"rendered":"<div data-elementor-type=\"wp-post\" data-elementor-id=\"4007\" class=\"elementor elementor-4007\">\n\t\t\t\t\t\t<section class=\"elementor-section elementor-top-section elementor-element elementor-element-2817259 elementor-section-full_width elementor-section-height-min-height elementor-section-height-default elementor-section-items-middle\" data-id=\"2817259\" data-element_type=\"section\">\n\t\t\t\t\t\t<div class=\"elementor-container elementor-column-gap-default\">\n\t\t\t\t\t<div class=\"elementor-column elementor-col-50 elementor-top-column elementor-element elementor-element-6d41b8b\" data-id=\"6d41b8b\" data-element_type=\"column\">\n\t\t\t<div class=\"elementor-widget-wrap\">\n\t\t\t\t\t\t\t<\/div>\n\t\t<\/div>\n\t\t\t\t<div class=\"elementor-column elementor-col-50 elementor-top-column elementor-element elementor-element-badc71f\" data-id=\"badc71f\" data-element_type=\"column\">\n\t\t\t<div class=\"elementor-widget-wrap elementor-element-populated\">\n\t\t\t\t\t\t<div class=\"elementor-element elementor-element-96bd928 elementor-mobile-align-left elementor-align-left elementor-fixed elementor-widget elementor-widget-button\" data-id=\"96bd928\" data-element_type=\"widget\" data-settings=\"{&quot;_position&quot;:&quot;fixed&quot;}\" data-widget_type=\"button.default\">\n\t\t\t\t<div class=\"elementor-widget-container\">\n\t\t\t\t\t\t\t\t\t<div class=\"elementor-button-wrapper\">\n\t\t\t\t\t<a class=\"elementor-button elementor-button-link elementor-size-sm elementor-animation-float\" href=\"#Top\">\n\t\t\t\t\t\t<span class=\"elementor-button-content-wrapper\">\n\t\t\t\t\t\t<span class=\"elementor-button-icon\">\n\t\t\t\t<i aria-hidden=\"true\" class=\"fas fa-chevron-up\"><\/i>\t\t\t<\/span>\n\t\t\t\t\t\t\t\t\t<span class=\"elementor-button-text\">Retour au sommaire<\/span>\n\t\t\t\t\t<\/span>\n\t\t\t\t\t<\/a>\n\t\t\t\t<\/div>\n\t\t\t\t\t\t\t\t<\/div>\n\t\t\t\t<\/div>\n\t\t\t\t\t<\/div>\n\t\t<\/div>\n\t\t\t\t\t<\/div>\n\t\t<\/section>\n\t\t\t\t<section class=\"elementor-section elementor-top-section elementor-element elementor-element-e2d3653 elementor-section-stretched elementor-section-boxed elementor-section-height-default elementor-section-height-default\" data-id=\"e2d3653\" data-element_type=\"section\" data-settings=\"{&quot;stretch_section&quot;:&quot;section-stretched&quot;,&quot;background_background&quot;:&quot;classic&quot;}\">\n\t\t\t\t\t\t<div class=\"elementor-container elementor-column-gap-no\">\n\t\t\t\t\t<div class=\"elementor-column elementor-col-100 elementor-top-column elementor-element elementor-element-f9d7e6f\" data-id=\"f9d7e6f\" data-element_type=\"column\">\n\t\t\t<div class=\"elementor-widget-wrap elementor-element-populated\">\n\t\t\t\t\t\t<section class=\"elementor-section elementor-inner-section elementor-element elementor-element-7cb3eac elementor-section-boxed elementor-section-height-default elementor-section-height-default\" data-id=\"7cb3eac\" data-element_type=\"section\">\n\t\t\t\t\t\t<div class=\"elementor-container elementor-column-gap-no\">\n\t\t\t\t\t<div class=\"elementor-column elementor-col-100 elementor-inner-column elementor-element elementor-element-c2c3fe8\" data-id=\"c2c3fe8\" data-element_type=\"column\">\n\t\t\t<div class=\"elementor-widget-wrap elementor-element-populated\">\n\t\t\t\t\t\t<div class=\"elementor-element elementor-element-b14c321 elementor-widget elementor-widget-heading\" data-id=\"b14c321\" data-element_type=\"widget\" data-widget_type=\"heading.default\">\n\t\t\t\t<div class=\"elementor-widget-container\">\n\t\t\t\t\t<h2 class=\"elementor-heading-title elementor-size-default\">Conditions g\u00e9n\u00e9rales de Duunokid<\/h2>\t\t\t\t<\/div>\n\t\t\t\t<\/div>\n\t\t\t\t<div class=\"elementor-element elementor-element-942f82c elementor-widget elementor-widget-heading\" data-id=\"942f82c\" data-element_type=\"widget\" data-widget_type=\"heading.default\">\n\t\t\t\t<div class=\"elementor-widget-container\">\n\t\t\t\t\t<h2 class=\"elementor-heading-title elementor-size-default\">1. Introduction<\/h2>\t\t\t\t<\/div>\n\t\t\t\t<\/div>\n\t\t\t\t<div class=\"elementor-element elementor-element-d024669 elementor-widget elementor-widget-text-editor\" data-id=\"d024669\" data-element_type=\"widget\" data-widget_type=\"text-editor.default\">\n\t\t\t\t<div class=\"elementor-widget-container\">\n\t\t\t\t\t\t\t\t\t<p><span style=\"font-weight: 400;\">Les pr\u00e9sentes conditions g\u00e9n\u00e9rales du site web (les \"conditions\" ou les \"conditions g\u00e9n\u00e9rales du site web\") contenues dans la pr\u00e9sente page web r\u00e9gissent votre utilisation de ce site web, y compris de toutes les pages de ce site web (collectivement d\u00e9nomm\u00e9es ci-apr\u00e8s \"site web\"). Les pr\u00e9sentes conditions s'appliquent pleinement \u00e0 votre utilisation de ce site web et, en utilisant ce site web, vous acceptez express\u00e9ment et int\u00e9gralement toutes les conditions g\u00e9n\u00e9rales contenues dans les pr\u00e9sentes. Vous ne devez pas utiliser ce site web si vous avez une quelconque objection \u00e0 l'une des pr\u00e9sentes conditions g\u00e9n\u00e9rales du site web\".<\/span><\/p><p><span style=\"font-weight: 400;\">Ce site web n'est pas destin\u00e9 \u00e0 \u00eatre utilis\u00e9 par des mineurs (d\u00e9finis comme ceux qui n'ont pas au moins 18 ans), et vous ne devez pas utiliser ce site web si vous \u00eates mineur.<\/span><\/p>\t\t\t\t\t\t\t\t<\/div>\n\t\t\t\t<\/div>\n\t\t\t\t<div class=\"elementor-element elementor-element-98045b5 elementor-widget elementor-widget-heading\" data-id=\"98045b5\" data-element_type=\"widget\" data-widget_type=\"heading.default\">\n\t\t\t\t<div class=\"elementor-widget-container\">\n\t\t\t\t\t<h2 class=\"elementor-heading-title elementor-size-default\">2. Droits de propri\u00e9t\u00e9 intellectuelle<\/h2>\t\t\t\t<\/div>\n\t\t\t\t<\/div>\n\t\t\t\t<div class=\"elementor-element elementor-element-4ff0235 elementor-widget elementor-widget-text-editor\" data-id=\"4ff0235\" data-element_type=\"widget\" data-widget_type=\"text-editor.default\">\n\t\t\t\t<div class=\"elementor-widget-container\">\n\t\t\t\t\t\t\t\t\t<p><span style=\"font-weight: 400;\">A l'exception du contenu que vous poss\u00e9dez, que vous pouvez avoir choisi d'inclure sur ce site Web, en vertu des pr\u00e9sentes conditions, Duunokid poss\u00e8de tous les droits sur la propri\u00e9t\u00e9 intellectuelle et le mat\u00e9riel contenu dans ce site Web, et tous ces droits sont r\u00e9serv\u00e9s. Une licence limit\u00e9e vous est accord\u00e9e, sous r\u00e9serve des restrictions pr\u00e9vues dans les pr\u00e9sentes conditions, pour la visualisation du mat\u00e9riel contenu sur ce site web.<\/span><\/p>\t\t\t\t\t\t\t\t<\/div>\n\t\t\t\t<\/div>\n\t\t\t\t<div class=\"elementor-element elementor-element-5592533 elementor-widget elementor-widget-heading\" data-id=\"5592533\" data-element_type=\"widget\" data-widget_type=\"heading.default\">\n\t\t\t\t<div class=\"elementor-widget-container\">\n\t\t\t\t\t<h2 class=\"elementor-heading-title elementor-size-default\">3. Restrictions<\/h2>\t\t\t\t<\/div>\n\t\t\t\t<\/div>\n\t\t\t\t<div class=\"elementor-element elementor-element-d4fe08e elementor-widget elementor-widget-text-editor\" data-id=\"d4fe08e\" data-element_type=\"widget\" data-widget_type=\"text-editor.default\">\n\t\t\t\t<div class=\"elementor-widget-container\">\n\t\t\t\t\t\t\t\t\t<p><span style=\"font-weight: 400;\">Vous \u00eates express\u00e9ment et cat\u00e9goriquement limit\u00e9 dans les domaines suivants :<\/span><\/p><ol><li style=\"font-weight: 400;\" aria-level=\"1\"><span style=\"font-weight: 400;\">la publication de tout mat\u00e9riel du site Web dans tout m\u00e9dia ;<\/span><\/li><li style=\"font-weight: 400;\" aria-level=\"1\"><span style=\"font-weight: 400;\">vendre, conc\u00e9der des sous-licences et\/ou commercialiser de toute autre mani\u00e8re tout mat\u00e9riel du site Web ;<\/span><\/li><li style=\"font-weight: 400;\" aria-level=\"1\"><span style=\"font-weight: 400;\">pr\u00e9senter et\/ou montrer publiquement tout mat\u00e9riel du site Web ;<\/span><\/li><li style=\"font-weight: 400;\" aria-level=\"1\"><span style=\"font-weight: 400;\">utiliser ce site Web de toute mani\u00e8re qui pourrait ou pourrait \u00eatre dommageable pour ce site Web ;<\/span><\/li><li style=\"font-weight: 400;\" aria-level=\"1\"><span style=\"font-weight: 400;\">l'utilisation de ce site Web d'une mani\u00e8re qui affecte l'acc\u00e8s de l'utilisateur \u00e0 ce site Web ;<\/span><\/li><li style=\"font-weight: 400;\" aria-level=\"1\"><span style=\"font-weight: 400;\">l'utilisation de ce site Web en violation des lois et r\u00e8glements applicables, ou d'une mani\u00e8re qui cause ou peut causer un pr\u00e9judice au site Web ou \u00e0 toute personne ou entit\u00e9 commerciale ;<\/span><\/li><li style=\"font-weight: 400;\" aria-level=\"1\"><span style=\"font-weight: 400;\">s'engager dans une activit\u00e9 d'exploration, de collecte ou d'extraction de donn\u00e9es ou toute autre activit\u00e9 similaire en relation avec ce site web ou lors de l'utilisation de ce site web ;<\/span><\/li><li style=\"font-weight: 400;\" aria-level=\"1\"><span style=\"font-weight: 400;\">utiliser le pr\u00e9sent site web pour faire de la publicit\u00e9 ou du marketing ;\".<\/span><\/li><\/ol><p><span style=\"font-weight: 400;\">Tout nom d'utilisateur et mot de passe que vous pouvez avoir pour ce site web sont confidentiels et vous devez pr\u00e9server la confidentialit\u00e9 de ces informations.<\/span><\/p><p><span style=\"font-weight: 400;\">Vous \u00eates responsable de prendre toutes les dispositions n\u00e9cessaires pour vous permettre d'acc\u00e9der au site web de Duunokid. Si vous n'avez pas obtenu l'acc\u00e8s au site web par des moyens autoris\u00e9s, nous ne pouvons pas garantir qu'il pourra \u00eatre utilis\u00e9 normalement et nous ne serons pas responsables de toute perte ult\u00e9rieure.<\/span><\/p><p><span style=\"font-weight: 400;\">Afin d'am\u00e9liorer l'exp\u00e9rience des utilisateurs, nous pouvons, \u00e0 l'occasion, fournir des mises \u00e0 jour du site web et des domaines et applications connexes. Si vous n'acceptez pas ces mises \u00e0 jour ou am\u00e9liorations, certaines fonctions du site web et\/ou de la plateforme Duunokid peuvent \u00eatre restreintes ou ne pas fonctionner comme pr\u00e9vu. Afin de r\u00e9aliser pleinement les fonctions du site web et de la Plateforme Duunokid, votre \u00e9quipement peut n\u00e9cessiter un acc\u00e8s au r\u00e9seau. Vous comprenez que vous devrez couvrir les frais li\u00e9s \u00e0 votre \u00e9quipement et \u00e0 votre acc\u00e8s au r\u00e9seau.<\/span><\/p>\t\t\t\t\t\t\t\t<\/div>\n\t\t\t\t<\/div>\n\t\t\t\t<div class=\"elementor-element elementor-element-18da78b elementor-widget elementor-widget-heading\" data-id=\"18da78b\" data-element_type=\"widget\" data-widget_type=\"heading.default\">\n\t\t\t\t<div class=\"elementor-widget-container\">\n\t\t\t\t\t<h2 class=\"elementor-heading-title elementor-size-default\">4. Votre contenu<\/h2>\t\t\t\t<\/div>\n\t\t\t\t<\/div>\n\t\t\t\t<div class=\"elementor-element elementor-element-c2abe37 elementor-widget elementor-widget-text-editor\" data-id=\"c2abe37\" data-element_type=\"widget\" data-widget_type=\"text-editor.default\">\n\t\t\t\t<div class=\"elementor-widget-container\">\n\t\t\t\t\t\t\t\t\t<p><span style=\"font-weight: 400;\">Dans les pr\u00e9sentes conditions g\u00e9n\u00e9rales du site web, \"votre contenu\" d\u00e9signe tout \u00e9l\u00e9ment audio, vid\u00e9o, texte, image ou autre que vous choisissez d'afficher sur ce site web. En ce qui concerne Votre Contenu, en l'affichant, vous accordez \u00e0 Duunokid une licence non exclusive, mondiale, irr\u00e9vocable, libre de droits et pouvant faire l'objet d'une sous-licence pour l'utiliser, le reproduire, l'adapter, le publier, le traduire et le distribuer dans tous les m\u00e9dias.<\/span><\/p><p><span style=\"font-weight: 400;\">Votre contenu doit vous appartenir et ne doit pas porter atteinte aux droits d'un tiers. Duunokid se r\u00e9serve le droit de retirer tout votre Contenu de ce site web \u00e0 tout moment, et pour toute raison, sans pr\u00e9avis.<\/span><\/p>\t\t\t\t\t\t\t\t<\/div>\n\t\t\t\t<\/div>\n\t\t\t\t<div class=\"elementor-element elementor-element-72c1d79 elementor-widget elementor-widget-heading\" data-id=\"72c1d79\" data-element_type=\"widget\" data-widget_type=\"heading.default\">\n\t\t\t\t<div class=\"elementor-widget-container\">\n\t\t\t\t\t<h2 class=\"elementor-heading-title elementor-size-default\">5. Pas de garantie<\/h2>\t\t\t\t<\/div>\n\t\t\t\t<\/div>\n\t\t\t\t<div class=\"elementor-element elementor-element-8c53743 elementor-widget elementor-widget-text-editor\" data-id=\"8c53743\" data-element_type=\"widget\" data-widget_type=\"text-editor.default\">\n\t\t\t\t<div class=\"elementor-widget-container\">\n\t\t\t\t\t\t\t\t\t<p><span style=\"font-weight: 400;\">Ce site est fourni \"tel quel\", avec tous les d\u00e9fauts, et Duunokid ne fait aucune d\u00e9claration ou garantie, expresse ou implicite, de quelque nature que ce soit en rapport avec ce site ou les \u00e9l\u00e9ments contenus sur ce site. En outre, rien de ce qui est contenu sur ce site Web ne peut \u00eatre interpr\u00e9t\u00e9 comme une consultation ou un conseil\".<\/span><\/p>\t\t\t\t\t\t\t\t<\/div>\n\t\t\t\t<\/div>\n\t\t\t\t<div class=\"elementor-element elementor-element-1ce4638 elementor-widget elementor-widget-heading\" data-id=\"1ce4638\" data-element_type=\"widget\" data-widget_type=\"heading.default\">\n\t\t\t\t<div class=\"elementor-widget-container\">\n\t\t\t\t\t<h2 class=\"elementor-heading-title elementor-size-default\">6. Limitation de la responsabilit\u00e9<\/h2>\t\t\t\t<\/div>\n\t\t\t\t<\/div>\n\t\t\t\t<div class=\"elementor-element elementor-element-f8af117 elementor-widget elementor-widget-text-editor\" data-id=\"f8af117\" data-element_type=\"widget\" data-widget_type=\"text-editor.default\">\n\t\t\t\t<div class=\"elementor-widget-container\">\n\t\t\t\t\t\t\t\t\t<p><span style=\"font-weight: 400;\">En aucun cas Duunokid, ni aucun de ses dirigeants, administrateurs et employ\u00e9s, ne sera responsable envers vous de quoi que ce soit d\u00e9coulant de votre utilisation de ce site Web ou li\u00e9 \u00e0 celle-ci, que cette responsabilit\u00e9 soit contractuelle, d\u00e9lictuelle ou autre, et Duunokid, y compris ses dirigeants, administrateurs et employ\u00e9s, ne sera pas responsable de toute responsabilit\u00e9 indirecte, cons\u00e9cutive ou sp\u00e9ciale d\u00e9coulant de votre utilisation de ce site Web ou li\u00e9 \u00e0 celle-ci\".<\/span><\/p>\t\t\t\t\t\t\t\t<\/div>\n\t\t\t\t<\/div>\n\t\t\t\t<div class=\"elementor-element elementor-element-dd07899 elementor-widget elementor-widget-heading\" data-id=\"dd07899\" data-element_type=\"widget\" data-widget_type=\"heading.default\">\n\t\t\t\t<div class=\"elementor-widget-container\">\n\t\t\t\t\t<h2 class=\"elementor-heading-title elementor-size-default\">7. Indemnisation<\/h2>\t\t\t\t<\/div>\n\t\t\t\t<\/div>\n\t\t\t\t<div class=\"elementor-element elementor-element-cd9cf39 elementor-widget elementor-widget-text-editor\" data-id=\"cd9cf39\" data-element_type=\"widget\" data-widget_type=\"text-editor.default\">\n\t\t\t\t<div class=\"elementor-widget-container\">\n\t\t\t\t\t\t\t\t\t<p><span style=\"font-weight: 400;\">Par les pr\u00e9sentes, vous indemnisez dans toute la mesure du possible Duunokid de et contre toutes les responsabilit\u00e9s, co\u00fbts, demandes, causes d'action, dommages et d\u00e9penses (y compris les frais d'avocat raisonnables) d\u00e9coulant de ou li\u00e9s de quelque mani\u00e8re que ce soit \u00e0 votre violation de l'une des dispositions des pr\u00e9sentes conditions.<\/span><\/p>\t\t\t\t\t\t\t\t<\/div>\n\t\t\t\t<\/div>\n\t\t\t\t<div class=\"elementor-element elementor-element-dc6668a elementor-widget elementor-widget-heading\" data-id=\"dc6668a\" data-element_type=\"widget\" data-widget_type=\"heading.default\">\n\t\t\t\t<div class=\"elementor-widget-container\">\n\t\t\t\t\t<h2 class=\"elementor-heading-title elementor-size-default\">8. S\u00e9parabilit\u00e9<\/h2>\t\t\t\t<\/div>\n\t\t\t\t<\/div>\n\t\t\t\t<div class=\"elementor-element elementor-element-127b019 elementor-widget elementor-widget-text-editor\" data-id=\"127b019\" data-element_type=\"widget\" data-widget_type=\"text-editor.default\">\n\t\t\t\t<div class=\"elementor-widget-container\">\n\t\t\t\t\t\t\t\t\t<p><span style=\"font-weight: 400;\">Si une disposition des pr\u00e9sentes Conditions est jug\u00e9e inapplicable ou invalide en vertu d'une loi applicable, cette inapplicabilit\u00e9 ou invalidit\u00e9 ne rendra pas les pr\u00e9sentes Conditions inapplicables ou invalides dans leur ensemble, et ces dispositions seront supprim\u00e9es sans affecter les autres dispositions des pr\u00e9sentes.<\/span><\/p>\t\t\t\t\t\t\t\t<\/div>\n\t\t\t\t<\/div>\n\t\t\t\t<div class=\"elementor-element elementor-element-afc2f9e elementor-widget elementor-widget-heading\" data-id=\"afc2f9e\" data-element_type=\"widget\" data-widget_type=\"heading.default\">\n\t\t\t\t<div class=\"elementor-widget-container\">\n\t\t\t\t\t<h2 class=\"elementor-heading-title elementor-size-default\">9. Variation des termes<\/h2>\t\t\t\t<\/div>\n\t\t\t\t<\/div>\n\t\t\t\t<div class=\"elementor-element elementor-element-0fffda5 elementor-widget elementor-widget-text-editor\" data-id=\"0fffda5\" data-element_type=\"widget\" data-widget_type=\"text-editor.default\">\n\t\t\t\t<div class=\"elementor-widget-container\">\n\t\t\t\t\t\t\t\t\t<p><span style=\"font-weight: 400;\">Duunokid est autoris\u00e9 \u00e0 r\u00e9viser les pr\u00e9sentes conditions \u00e0 tout moment et \u00e0 sa convenance. En utilisant ce site Web, vous \u00eates tenu de revoir r\u00e9guli\u00e8rement ces conditions afin de vous assurer que vous comprenez toutes les modalit\u00e9s et conditions r\u00e9gissant l'utilisation de ce site Web.<\/span><\/p>\t\t\t\t\t\t\t\t<\/div>\n\t\t\t\t<\/div>\n\t\t\t\t<div class=\"elementor-element elementor-element-54d23bc elementor-widget elementor-widget-heading\" data-id=\"54d23bc\" data-element_type=\"widget\" data-widget_type=\"heading.default\">\n\t\t\t\t<div class=\"elementor-widget-container\">\n\t\t\t\t\t<h2 class=\"elementor-heading-title elementor-size-default\">10. Affectation<\/h2>\t\t\t\t<\/div>\n\t\t\t\t<\/div>\n\t\t\t\t<div class=\"elementor-element elementor-element-5bb6b90 elementor-widget elementor-widget-text-editor\" data-id=\"5bb6b90\" data-element_type=\"widget\" data-widget_type=\"text-editor.default\">\n\t\t\t\t<div class=\"elementor-widget-container\">\n\t\t\t\t\t\t\t\t\t<p><span style=\"font-weight: 400;\">Duunokid est autoris\u00e9 \u00e0 c\u00e9der, transf\u00e9rer et sous-traiter ses droits et\/ou obligations en vertu des pr\u00e9sentes conditions sans qu'aucune notification ou consentement ne soit n\u00e9cessaire. Toutefois, vous ne serez pas autoris\u00e9 \u00e0 c\u00e9der, transf\u00e9rer ou sous-traiter vos droits et\/ou obligations en vertu des pr\u00e9sentes conditions.<\/span><\/p>\t\t\t\t\t\t\t\t<\/div>\n\t\t\t\t<\/div>\n\t\t\t\t<div class=\"elementor-element elementor-element-c981382 elementor-widget elementor-widget-heading\" data-id=\"c981382\" data-element_type=\"widget\" data-widget_type=\"heading.default\">\n\t\t\t\t<div class=\"elementor-widget-container\">\n\t\t\t\t\t<h2 class=\"elementor-heading-title elementor-size-default\">11. Accord int\u00e9gral<\/h2>\t\t\t\t<\/div>\n\t\t\t\t<\/div>\n\t\t\t\t<div class=\"elementor-element elementor-element-a891e16 elementor-widget elementor-widget-text-editor\" data-id=\"a891e16\" data-element_type=\"widget\" data-widget_type=\"text-editor.default\">\n\t\t\t\t<div class=\"elementor-widget-container\">\n\t\t\t\t\t\t\t\t\t<p><span style=\"font-weight: 400;\">Les pr\u00e9sentes conditions, y compris les avis juridiques et les clauses de non-responsabilit\u00e9 contenus sur ce site Web, constituent l'int\u00e9gralit\u00e9 de l'accord entre Duunokid et vous en ce qui concerne votre utilisation de ce site Web, et remplacent tous les accords et ententes ant\u00e9rieurs \u00e0 ce sujet.<\/span><\/p>\t\t\t\t\t\t\t\t<\/div>\n\t\t\t\t<\/div>\n\t\t\t\t<div class=\"elementor-element elementor-element-aad5bbc elementor-widget elementor-widget-heading\" data-id=\"aad5bbc\" data-element_type=\"widget\" data-widget_type=\"heading.default\">\n\t\t\t\t<div class=\"elementor-widget-container\">\n\t\t\t\t\t<h2 class=\"elementor-heading-title elementor-size-default\">12. Governing Law &amp; Jurisdiction<\/h2>\t\t\t\t<\/div>\n\t\t\t\t<\/div>\n\t\t\t\t<div class=\"elementor-element elementor-element-4c1fdac elementor-widget elementor-widget-text-editor\" data-id=\"4c1fdac\" data-element_type=\"widget\" data-widget_type=\"text-editor.default\">\n\t\t\t\t<div class=\"elementor-widget-container\">\n\t\t\t\t\t\t\t\t\t<p><span style=\"font-weight: 400;\">Les pr\u00e9sentes Conditions seront r\u00e9gies et interpr\u00e9t\u00e9es conform\u00e9ment aux lois de Hong Kong, et vous vous soumettez \u00e0 la juridiction non exclusive des tribunaux situ\u00e9s dans les pays o\u00f9 Duunokid exerce son activit\u00e9 pour la r\u00e9solution de tout litige.<\/span><\/p>\t\t\t\t\t\t\t\t<\/div>\n\t\t\t\t<\/div>\n\t\t\t\t\t<\/div>\n\t\t<\/div>\n\t\t\t\t\t<\/div>\n\t\t<\/section>\n\t\t\t\t\t<\/div>\n\t\t<\/div>\n\t\t\t\t\t<\/div>\n\t\t<\/section>\n\t\t\t\t<\/div>","protected":false},"excerpt":{"rendered":"<p>Top Terms and Conditions 1. Introduction These Website Standard Terms And Conditions (these \u201cTerms\u201d or these \u201cWebsite Standard Terms And Conditions\u201d) contained herein on this webpage, shall govern your use of this website, including all pages within this website (collectively referred to herein below as this \u201cWebsite\u201d). These Terms apply in full force and effect [&hellip;]<\/p>","protected":false},"author":1,"featured_media":0,"parent":0,"menu_order":0,"comment_status":"closed","ping_status":"closed","template":"","meta":{"site-sidebar-layout":"no-sidebar","site-content-layout":"page-builder","ast-site-content-layout":"","site-content-style":"default","site-sidebar-style":"default","ast-global-header-display":"","ast-banner-title-visibility":"","ast-main-header-display":"","ast-hfb-above-header-display":"","ast-hfb-below-header-display":"","ast-hfb-mobile-header-display":"","site-post-title":"disabled","ast-breadcrumbs-content":"","ast-featured-img":"disabled","footer-sml-layout":"","theme-transparent-header-meta":"enabled","adv-header-id-meta":"","stick-header-meta":"","header-above-stick-meta":"","header-main-stick-meta":"","header-below-stick-meta":"","astra-migrate-meta-layouts":"default","ast-page-background-enabled":"default","ast-page-background-meta":{"desktop":{"background-color":"","background-image":"","background-repeat":"repeat","background-position":"center center","background-size":"auto","background-attachment":"scroll","background-type":"","background-media":"","overlay-type":"","overlay-color":"","overlay-opacity":"","overlay-gradient":""},"tablet":{"background-color":"","background-image":"","background-repeat":"repeat","background-position":"center center","background-size":"auto","background-attachment":"scroll","background-type":"","background-media":"","overlay-type":"","overlay-color":"","overlay-opacity":"","overlay-gradient":""},"mobile":{"background-color":"","background-image":"","background-repeat":"repeat","background-position":"center center","background-size":"auto","background-attachment":"scroll","background-type":"","background-media":"","overlay-type":"","overlay-color":"","overlay-opacity":"","overlay-gradient":""}},"ast-content-background-meta":{"desktop":{"background-color":"var(--ast-global-color-5)","background-image":"","background-repeat":"repeat","background-position":"center center","background-size":"auto","background-attachment":"scroll","background-type":"","background-media":"","overlay-type":"","overlay-color":"","overlay-opacity":"","overlay-gradient":""},"tablet":{"background-color":"var(--ast-global-color-5)","background-image":"","background-repeat":"repeat","background-position":"center center","background-size":"auto","background-attachment":"scroll","background-type":"","background-media":"","overlay-type":"","overlay-color":"","overlay-opacity":"","overlay-gradient":""},"mobile":{"background-color":"var(--ast-global-color-5)","background-image":"","background-repeat":"repeat","background-position":"center center","background-size":"auto","background-attachment":"scroll","background-type":"","background-media":"","overlay-type":"","overlay-color":"","overlay-opacity":"","overlay-gradient":""}},"footnotes":""},"class_list":["post-4007","page","type-page","status-publish","hentry"],"_links":{"self":[{"href":"https:\/\/www.duunokid.com\/fr\/wp-json\/wp\/v2\/pages\/4007","targetHints":{"allow":["GET"]}}],"collection":[{"href":"https:\/\/www.duunokid.com\/fr\/wp-json\/wp\/v2\/pages"}],"about":[{"href":"https:\/\/www.duunokid.com\/fr\/wp-json\/wp\/v2\/types\/page"}],"author":[{"embeddable":true,"href":"https:\/\/www.duunokid.com\/fr\/wp-json\/wp\/v2\/users\/1"}],"replies":[{"embeddable":true,"href":"https:\/\/www.duunokid.com\/fr\/wp-json\/wp\/v2\/comments?post=4007"}],"version-history":[{"count":12,"href":"https:\/\/www.duunokid.com\/fr\/wp-json\/wp\/v2\/pages\/4007\/revisions"}],"predecessor-version":[{"id":6085,"href":"https:\/\/www.duunokid.com\/fr\/wp-json\/wp\/v2\/pages\/4007\/revisions\/6085"}],"wp:attachment":[{"href":"https:\/\/www.duunokid.com\/fr\/wp-json\/wp\/v2\/media?parent=4007"}],"curies":[{"name":"wp","href":"https:\/\/api.w.org\/{rel}","templated":true}]}}