{"id":4007,"date":"2021-01-05T15:18:38","date_gmt":"2021-01-05T07:18:38","guid":{"rendered":"http:\/\/duunodevapp01.azurewebsites.net\/?page_id=4007"},"modified":"2021-10-26T11:22:49","modified_gmt":"2021-10-26T03:22:49","slug":"terms-and-conditions","status":"publish","type":"page","link":"https:\/\/www.duunokid.com\/es\/terms-and-conditions\/","title":{"rendered":"Terms &#038; Conditions"},"content":{"rendered":"<div data-elementor-type=\"wp-post\" data-elementor-id=\"4007\" class=\"elementor elementor-4007\">\n\t\t\t\t\t\t<section class=\"elementor-section elementor-top-section elementor-element elementor-element-2817259 elementor-section-full_width elementor-section-height-min-height elementor-section-height-default elementor-section-items-middle\" data-id=\"2817259\" data-element_type=\"section\">\n\t\t\t\t\t\t<div class=\"elementor-container elementor-column-gap-default\">\n\t\t\t\t\t<div class=\"elementor-column elementor-col-50 elementor-top-column elementor-element elementor-element-6d41b8b\" data-id=\"6d41b8b\" data-element_type=\"column\">\n\t\t\t<div class=\"elementor-widget-wrap\">\n\t\t\t\t\t\t\t<\/div>\n\t\t<\/div>\n\t\t\t\t<div class=\"elementor-column elementor-col-50 elementor-top-column elementor-element elementor-element-badc71f\" data-id=\"badc71f\" data-element_type=\"column\">\n\t\t\t<div class=\"elementor-widget-wrap elementor-element-populated\">\n\t\t\t\t\t\t<div class=\"elementor-element elementor-element-96bd928 elementor-mobile-align-left elementor-align-left elementor-fixed elementor-widget elementor-widget-button\" data-id=\"96bd928\" data-element_type=\"widget\" data-settings=\"{&quot;_position&quot;:&quot;fixed&quot;}\" data-widget_type=\"button.default\">\n\t\t\t\t<div class=\"elementor-widget-container\">\n\t\t\t\t\t\t\t\t\t<div class=\"elementor-button-wrapper\">\n\t\t\t\t\t<a class=\"elementor-button elementor-button-link elementor-size-sm elementor-animation-float\" href=\"#Top\">\n\t\t\t\t\t\t<span class=\"elementor-button-content-wrapper\">\n\t\t\t\t\t\t<span class=\"elementor-button-icon\">\n\t\t\t\t<i aria-hidden=\"true\" class=\"fas fa-chevron-up\"><\/i>\t\t\t<\/span>\n\t\t\t\t\t\t\t\t\t<span class=\"elementor-button-text\">Volver al resumen<\/span>\n\t\t\t\t\t<\/span>\n\t\t\t\t\t<\/a>\n\t\t\t\t<\/div>\n\t\t\t\t\t\t\t\t<\/div>\n\t\t\t\t<\/div>\n\t\t\t\t\t<\/div>\n\t\t<\/div>\n\t\t\t\t\t<\/div>\n\t\t<\/section>\n\t\t\t\t<section class=\"elementor-section elementor-top-section elementor-element elementor-element-e2d3653 elementor-section-stretched elementor-section-boxed elementor-section-height-default elementor-section-height-default\" data-id=\"e2d3653\" data-element_type=\"section\" data-settings=\"{&quot;stretch_section&quot;:&quot;section-stretched&quot;,&quot;background_background&quot;:&quot;classic&quot;}\">\n\t\t\t\t\t\t<div class=\"elementor-container elementor-column-gap-no\">\n\t\t\t\t\t<div class=\"elementor-column elementor-col-100 elementor-top-column elementor-element elementor-element-f9d7e6f\" data-id=\"f9d7e6f\" data-element_type=\"column\">\n\t\t\t<div class=\"elementor-widget-wrap elementor-element-populated\">\n\t\t\t\t\t\t<section class=\"elementor-section elementor-inner-section elementor-element elementor-element-7cb3eac elementor-section-boxed elementor-section-height-default elementor-section-height-default\" data-id=\"7cb3eac\" data-element_type=\"section\">\n\t\t\t\t\t\t<div class=\"elementor-container elementor-column-gap-no\">\n\t\t\t\t\t<div class=\"elementor-column elementor-col-100 elementor-inner-column elementor-element elementor-element-c2c3fe8\" data-id=\"c2c3fe8\" data-element_type=\"column\">\n\t\t\t<div class=\"elementor-widget-wrap elementor-element-populated\">\n\t\t\t\t\t\t<div class=\"elementor-element elementor-element-b14c321 elementor-widget elementor-widget-heading\" data-id=\"b14c321\" data-element_type=\"widget\" data-widget_type=\"heading.default\">\n\t\t\t\t<div class=\"elementor-widget-container\">\n\t\t\t\t\t<h2 class=\"elementor-heading-title elementor-size-default\">T\u00e9rminos y Condiciones.<\/h2>\t\t\t\t<\/div>\n\t\t\t\t<\/div>\n\t\t\t\t<div class=\"elementor-element elementor-element-942f82c elementor-widget elementor-widget-heading\" data-id=\"942f82c\" data-element_type=\"widget\" data-widget_type=\"heading.default\">\n\t\t\t\t<div class=\"elementor-widget-container\">\n\t\t\t\t\t<h2 class=\"elementor-heading-title elementor-size-default\">1. Introducci\u00f3n<\/h2>\t\t\t\t<\/div>\n\t\t\t\t<\/div>\n\t\t\t\t<div class=\"elementor-element elementor-element-d024669 elementor-widget elementor-widget-text-editor\" data-id=\"d024669\" data-element_type=\"widget\" data-widget_type=\"text-editor.default\">\n\t\t\t\t<div class=\"elementor-widget-container\">\n\t\t\t\t\t\t\t\t\t<p><span style=\"font-weight: 400;\">Los presentes T\u00e9rminos y Condiciones del Sitio Web (\"T\u00e9rminos\" o \"T\u00e9rminos y Condiciones del Sitio Web\") contenidos en esta p\u00e1gina web, regir\u00e1n el uso de este sitio web, incluyendo todas las p\u00e1ginas dentro de este sitio web (colectivamente referido a continuaci\u00f3n como \"Sitio Web\"). Estas Condiciones se aplican con plena vigencia a su uso de este Sitio Web, y al utilizarlo, usted acepta expresamente todos los t\u00e9rminos y condiciones contenidos en \u00e9l en su totalidad. No debe utilizar este Sitio Web si tiene alguna objeci\u00f3n a cualquiera de estos T\u00e9rminos y Condiciones del Sitio Web.<\/span><\/p><p><span style=\"font-weight: 400;\">Este Sitio Web no es para uso de menores (definidos como aquellos que no hayan cumplido los 18 a\u00f1os de edad), y usted no debe utilizar este Sitio Web si es menor de edad.<\/span><\/p>\t\t\t\t\t\t\t\t<\/div>\n\t\t\t\t<\/div>\n\t\t\t\t<div class=\"elementor-element elementor-element-98045b5 elementor-widget elementor-widget-heading\" data-id=\"98045b5\" data-element_type=\"widget\" data-widget_type=\"heading.default\">\n\t\t\t\t<div class=\"elementor-widget-container\">\n\t\t\t\t\t<h2 class=\"elementor-heading-title elementor-size-default\">2. Derechos de propiedad intelectual<\/h2>\t\t\t\t<\/div>\n\t\t\t\t<\/div>\n\t\t\t\t<div class=\"elementor-element elementor-element-4ff0235 elementor-widget elementor-widget-text-editor\" data-id=\"4ff0235\" data-element_type=\"widget\" data-widget_type=\"text-editor.default\">\n\t\t\t\t<div class=\"elementor-widget-container\">\n\t\t\t\t\t\t\t\t\t<p><span style=\"font-weight: 400;\">Aparte del contenido de su propiedad, el cual usted puede haber optado por incluir en este Sitio Web, bajo estos T\u00e9rminos, Duunokid posee todos los derechos de la propiedad intelectual y el material contenido en este Sitio Web, y todos esos derechos est\u00e1n reservados. Se le concede una licencia limitada, sujeta a las restricciones previstas en estas Condiciones, para ver el material contenido en este Sitio Web.<\/span><\/p>\t\t\t\t\t\t\t\t<\/div>\n\t\t\t\t<\/div>\n\t\t\t\t<div class=\"elementor-element elementor-element-5592533 elementor-widget elementor-widget-heading\" data-id=\"5592533\" data-element_type=\"widget\" data-widget_type=\"heading.default\">\n\t\t\t\t<div class=\"elementor-widget-container\">\n\t\t\t\t\t<h2 class=\"elementor-heading-title elementor-size-default\">3. Restricciones<\/h2>\t\t\t\t<\/div>\n\t\t\t\t<\/div>\n\t\t\t\t<div class=\"elementor-element elementor-element-d4fe08e elementor-widget elementor-widget-text-editor\" data-id=\"d4fe08e\" data-element_type=\"widget\" data-widget_type=\"text-editor.default\">\n\t\t\t\t<div class=\"elementor-widget-container\">\n\t\t\t\t\t\t\t\t\t<p><span style=\"font-weight: 400;\">Usted est\u00e1 expresa y enf\u00e1ticamente restringido de todo lo siguiente:<\/span><\/p><ol><li style=\"font-weight: 400;\" aria-level=\"1\"><span style=\"font-weight: 400;\">ublicar cualquier material del Sitio Web en cualquier medio;<\/span><\/li><li style=\"font-weight: 400;\" aria-level=\"1\"><span style=\"font-weight: 400;\">vender, sublicenciar y\/o comercializar de otro modo cualquier material del Sitio Web;<\/span><\/li><li style=\"font-weight: 400;\" aria-level=\"1\"><span style=\"font-weight: 400;\">representar y\/o mostrar p\u00fablicamente cualquier material del Sitio Web;<\/span><\/li><li style=\"font-weight: 400;\" aria-level=\"1\"><span style=\"font-weight: 400;\">utilizar este Sitio Web de cualquier forma que sea, o pueda ser, perjudicial para este Sitio Web;<\/span><\/li><li style=\"font-weight: 400;\" aria-level=\"1\"><span style=\"font-weight: 400;\">utilizar este Sitio Web de cualquier forma que afecte al acceso de los usuarios a este Sitio Web;<\/span><\/li><li style=\"font-weight: 400;\" aria-level=\"1\"><span style=\"font-weight: 400;\">utilizar este Sitio Web de forma contraria a las leyes y reglamentos aplicables, o de forma que cause o pueda causar un da\u00f1o al Sitio Web, o a cualquier persona o entidad comercial;<\/span><\/li><li style=\"font-weight: 400;\" aria-level=\"1\"><span style=\"font-weight: 400;\">participar en cualquier tipo de miner\u00eda de datos, recolecci\u00f3n de datos, extracci\u00f3n de datos o cualquier otra actividad similar en relaci\u00f3n con este Sitio Web, o mientras se utiliza este Sitio Web;<\/span><\/li><li style=\"font-weight: 400;\" aria-level=\"1\"><span style=\"font-weight: 400;\">utilizar este Sitio Web para realizar cualquier tipo de publicidad o marketing.<\/span><\/li><\/ol><p><span style=\"font-weight: 400;\">Cualquier ID de usuario y contrase\u00f1a que pueda tener para este Sitio Web son confidenciales y debe mantener la confidencialidad de dicha informaci\u00f3n.<\/span><\/p><p><span style=\"font-weight: 400;\">Usted es responsable de realizar todos los tr\u00e1mites necesarios para acceder al Sitio Web de Duunokid. Si usted no ha obtenido el acceso al Sitio Web a trav\u00e9s de los medios autorizados, no podemos garantizar que pueda ser utilizado con normalidad, y no seremos responsables de cualquier p\u00e9rdida posterior.<\/span><\/p><p><span style=\"font-weight: 400;\">Con el fin de mejorar la experiencia del usuario, podemos, en ocasiones, proporcionar actualizaciones del Sitio Web y de los dominios y aplicaciones relacionados. Si usted no acepta dichas actualizaciones o mejoras, ciertas funciones del sitio web y\/o de la Plataforma Duunokid pueden verse restringidas o no funcionar como se pretende. Para aprovechar al m\u00e1ximo las funciones del Sitio Web y de la Plataforma Duunokid, su equipo puede necesitar acceso a la red. Usted entiende que deber\u00e1 asumir los gastos asociados a su equipo y al acceso a la red.<\/span><\/p>\t\t\t\t\t\t\t\t<\/div>\n\t\t\t\t<\/div>\n\t\t\t\t<div class=\"elementor-element elementor-element-18da78b elementor-widget elementor-widget-heading\" data-id=\"18da78b\" data-element_type=\"widget\" data-widget_type=\"heading.default\">\n\t\t\t\t<div class=\"elementor-widget-container\">\n\t\t\t\t\t<h2 class=\"elementor-heading-title elementor-size-default\">4. Su contenido<\/h2>\t\t\t\t<\/div>\n\t\t\t\t<\/div>\n\t\t\t\t<div class=\"elementor-element elementor-element-c2abe37 elementor-widget elementor-widget-text-editor\" data-id=\"c2abe37\" data-element_type=\"widget\" data-widget_type=\"text-editor.default\">\n\t\t\t\t<div class=\"elementor-widget-container\">\n\t\t\t\t\t\t\t\t\t<p><span style=\"font-weight: 400;\">En estos T\u00e9rminos y Condiciones del Sitio Web, \"Su Contenido\" significar\u00e1 cualquier audio, video, texto, im\u00e1genes u otro material que usted decida mostrar en este Sitio Web. Con respecto a Su Contenido, al mostrarlo, usted otorga a Duunokid una licencia no exclusiva, mundial, irrevocable, libre de regal\u00edas y sublicenciable para utilizarlo, reproducirlo, adaptarlo, publicarlo, traducirlo y distribuirlo en cualquier medio.<\/span><\/p><p><span style=\"font-weight: 400;\">Su Contenido debe ser propio y no debe infringir los derechos de terceros. Duunokid se reserva el derecho de eliminar cualquier Contenido suyo de este Sitio Web en cualquier momento y por cualquier motivo, sin previo aviso.<\/span><\/p>\t\t\t\t\t\t\t\t<\/div>\n\t\t\t\t<\/div>\n\t\t\t\t<div class=\"elementor-element elementor-element-72c1d79 elementor-widget elementor-widget-heading\" data-id=\"72c1d79\" data-element_type=\"widget\" data-widget_type=\"heading.default\">\n\t\t\t\t<div class=\"elementor-widget-container\">\n\t\t\t\t\t<h2 class=\"elementor-heading-title elementor-size-default\">5. No se ofrecen garant\u00edas<\/h2>\t\t\t\t<\/div>\n\t\t\t\t<\/div>\n\t\t\t\t<div class=\"elementor-element elementor-element-8c53743 elementor-widget elementor-widget-text-editor\" data-id=\"8c53743\" data-element_type=\"widget\" data-widget_type=\"text-editor.default\">\n\t\t\t\t<div class=\"elementor-widget-container\">\n\t\t\t\t\t\t\t\t\t<p><span style=\"font-weight: 400;\">Este Sitio Web se proporciona \"tal cual\" con todos los defectos y Duunokid no hace representaciones o garant\u00edas expresas o impl\u00edcitas de ning\u00fan tipo relacionadas con este Sitio Web o los materiales contenidos en este Sitio Web. Adem\u00e1s, nada de lo contenido en este Sitio Web se interpretar\u00e1 como una consulta o asesoramiento para usted.<\/span><\/p>\t\t\t\t\t\t\t\t<\/div>\n\t\t\t\t<\/div>\n\t\t\t\t<div class=\"elementor-element elementor-element-1ce4638 elementor-widget elementor-widget-heading\" data-id=\"1ce4638\" data-element_type=\"widget\" data-widget_type=\"heading.default\">\n\t\t\t\t<div class=\"elementor-widget-container\">\n\t\t\t\t\t<h2 class=\"elementor-heading-title elementor-size-default\">6. Limitaci\u00f3n de la responsabilidad<\/h2>\t\t\t\t<\/div>\n\t\t\t\t<\/div>\n\t\t\t\t<div class=\"elementor-element elementor-element-f8af117 elementor-widget elementor-widget-text-editor\" data-id=\"f8af117\" data-element_type=\"widget\" data-widget_type=\"text-editor.default\">\n\t\t\t\t<div class=\"elementor-widget-container\">\n\t\t\t\t\t\t\t\t\t<p><span style=\"font-weight: 400;\">En ning\u00fan caso Duunokid ni ninguno de sus funcionarios, directores y empleados, ser\u00e1n responsables ante usted por cualquier cosa que surja o est\u00e9 relacionada de alguna manera con su uso de este Sitio Web, ya sea que dicha responsabilidad est\u00e9 bajo contrato, agravio o de otra manera, y Duunokid, incluyendo sus funcionarios, directores y empleados, no ser\u00e1n responsables de ninguna responsabilidad indirecta, consecuente o especial que surja o est\u00e9 relacionada de alguna manera con su uso de este Sitio Web.<\/span><\/p>\t\t\t\t\t\t\t\t<\/div>\n\t\t\t\t<\/div>\n\t\t\t\t<div class=\"elementor-element elementor-element-dd07899 elementor-widget elementor-widget-heading\" data-id=\"dd07899\" data-element_type=\"widget\" data-widget_type=\"heading.default\">\n\t\t\t\t<div class=\"elementor-widget-container\">\n\t\t\t\t\t<h2 class=\"elementor-heading-title elementor-size-default\">7. Indemnizaci\u00f3n<\/h2>\t\t\t\t<\/div>\n\t\t\t\t<\/div>\n\t\t\t\t<div class=\"elementor-element elementor-element-cd9cf39 elementor-widget elementor-widget-text-editor\" data-id=\"cd9cf39\" data-element_type=\"widget\" data-widget_type=\"text-editor.default\">\n\t\t\t\t<div class=\"elementor-widget-container\">\n\t\t\t\t\t\t\t\t\t<p><span style=\"font-weight: 400;\">Por la presente, usted indemniza en la mayor medida posible a Duunokid por cualquier responsabilidad, coste, demanda, causa de acci\u00f3n, da\u00f1os y gastos (incluidos los honorarios razonables de los abogados) que surjan o est\u00e9n relacionados de alguna manera con el incumplimiento por su parte de cualquiera de las disposiciones de estas Condiciones.<\/span><\/p>\t\t\t\t\t\t\t\t<\/div>\n\t\t\t\t<\/div>\n\t\t\t\t<div class=\"elementor-element elementor-element-dc6668a elementor-widget elementor-widget-heading\" data-id=\"dc6668a\" data-element_type=\"widget\" data-widget_type=\"heading.default\">\n\t\t\t\t<div class=\"elementor-widget-container\">\n\t\t\t\t\t<h2 class=\"elementor-heading-title elementor-size-default\">8. Divisibilidad<\/h2>\t\t\t\t<\/div>\n\t\t\t\t<\/div>\n\t\t\t\t<div class=\"elementor-element elementor-element-127b019 elementor-widget elementor-widget-text-editor\" data-id=\"127b019\" data-element_type=\"widget\" data-widget_type=\"text-editor.default\">\n\t\t\t\t<div class=\"elementor-widget-container\">\n\t\t\t\t\t\t\t\t\t<p><span style=\"font-weight: 400;\">Si alguna de las disposiciones de estas Condiciones se considera inaplicable o inv\u00e1lida en virtud de la legislaci\u00f3n vigente, dicha inaplicabilidad o invalidez no har\u00e1 que estas Condiciones sean inaplicables o inv\u00e1lidas en su conjunto, y dichas disposiciones se eliminar\u00e1n sin que ello afecte a las restantes disposiciones del presente documento.<\/span><\/p>\t\t\t\t\t\t\t\t<\/div>\n\t\t\t\t<\/div>\n\t\t\t\t<div class=\"elementor-element elementor-element-afc2f9e elementor-widget elementor-widget-heading\" data-id=\"afc2f9e\" data-element_type=\"widget\" data-widget_type=\"heading.default\">\n\t\t\t\t<div class=\"elementor-widget-container\">\n\t\t\t\t\t<h2 class=\"elementor-heading-title elementor-size-default\">9. Variaci\u00f3n de los T\u00e9rminos<\/h2>\t\t\t\t<\/div>\n\t\t\t\t<\/div>\n\t\t\t\t<div class=\"elementor-element elementor-element-0fffda5 elementor-widget elementor-widget-text-editor\" data-id=\"0fffda5\" data-element_type=\"widget\" data-widget_type=\"text-editor.default\">\n\t\t\t\t<div class=\"elementor-widget-container\">\n\t\t\t\t\t\t\t\t\t<p><span style=\"font-weight: 400;\">Duunokid est\u00e1 autorizado a revisar estos T\u00e9rminos en cualquier momento seg\u00fan lo considere oportuno, y al utilizar este Sitio Web se espera que usted revise dichos T\u00e9rminos de forma regular para asegurarse de que entiende todos los t\u00e9rminos y condiciones que rigen el uso de este Sitio Web.<\/span><\/p>\t\t\t\t\t\t\t\t<\/div>\n\t\t\t\t<\/div>\n\t\t\t\t<div class=\"elementor-element elementor-element-54d23bc elementor-widget elementor-widget-heading\" data-id=\"54d23bc\" data-element_type=\"widget\" data-widget_type=\"heading.default\">\n\t\t\t\t<div class=\"elementor-widget-container\">\n\t\t\t\t\t<h2 class=\"elementor-heading-title elementor-size-default\">10. Cesi\u00f3n<\/h2>\t\t\t\t<\/div>\n\t\t\t\t<\/div>\n\t\t\t\t<div class=\"elementor-element elementor-element-5bb6b90 elementor-widget elementor-widget-text-editor\" data-id=\"5bb6b90\" data-element_type=\"widget\" data-widget_type=\"text-editor.default\">\n\t\t\t\t<div class=\"elementor-widget-container\">\n\t\t\t\t\t\t\t\t\t<p><span style=\"font-weight: 400;\">Duunokid podr\u00e1 ceder, transferir y subcontratar sus derechos y\/u obligaciones en virtud de estos T\u00e9rminos sin necesidad de notificaci\u00f3n o consentimiento. Sin embargo, usted no podr\u00e1 ceder, transferir o subcontratar ninguno de sus derechos y\/u obligaciones en virtud de estos T\u00e9rminos.<\/span><\/p>\t\t\t\t\t\t\t\t<\/div>\n\t\t\t\t<\/div>\n\t\t\t\t<div class=\"elementor-element elementor-element-c981382 elementor-widget elementor-widget-heading\" data-id=\"c981382\" data-element_type=\"widget\" data-widget_type=\"heading.default\">\n\t\t\t\t<div class=\"elementor-widget-container\">\n\t\t\t\t\t<h2 class=\"elementor-heading-title elementor-size-default\">11. Acuerdo completo<\/h2>\t\t\t\t<\/div>\n\t\t\t\t<\/div>\n\t\t\t\t<div class=\"elementor-element elementor-element-a891e16 elementor-widget elementor-widget-text-editor\" data-id=\"a891e16\" data-element_type=\"widget\" data-widget_type=\"text-editor.default\">\n\t\t\t\t<div class=\"elementor-widget-container\">\n\t\t\t\t\t\t\t\t\t<p><span style=\"font-weight: 400;\">Estos T\u00e9rminos, incluyendo cualquier aviso legal y renuncias contenidas en este Sitio Web, constituyen el acuerdo completo entre Duunokid y usted en relaci\u00f3n con su uso de este Sitio Web, y sustituyen todos los acuerdos y entendimientos anteriores con respecto al mismo.<\/span><\/p>\t\t\t\t\t\t\t\t<\/div>\n\t\t\t\t<\/div>\n\t\t\t\t<div class=\"elementor-element elementor-element-aad5bbc elementor-widget elementor-widget-heading\" data-id=\"aad5bbc\" data-element_type=\"widget\" data-widget_type=\"heading.default\">\n\t\t\t\t<div class=\"elementor-widget-container\">\n\t\t\t\t\t<h2 class=\"elementor-heading-title elementor-size-default\">12. Governing Law &amp; Jurisdiction<\/h2>\t\t\t\t<\/div>\n\t\t\t\t<\/div>\n\t\t\t\t<div class=\"elementor-element elementor-element-4c1fdac elementor-widget elementor-widget-text-editor\" data-id=\"4c1fdac\" data-element_type=\"widget\" data-widget_type=\"text-editor.default\">\n\t\t\t\t<div class=\"elementor-widget-container\">\n\t\t\t\t\t\t\t\t\t<p><span style=\"font-weight: 400;\">Estos T\u00e9rminos se regir\u00e1n e interpretar\u00e1n de acuerdo con las leyes de Hong Kong, y usted se somete a la jurisdicci\u00f3n no exclusiva de los tribunales ubicados en los pa\u00edses en los que Duunokid lleva a cabo sus negocios para la resoluci\u00f3n de cualquier disputa.<\/span><\/p>\t\t\t\t\t\t\t\t<\/div>\n\t\t\t\t<\/div>\n\t\t\t\t\t<\/div>\n\t\t<\/div>\n\t\t\t\t\t<\/div>\n\t\t<\/section>\n\t\t\t\t\t<\/div>\n\t\t<\/div>\n\t\t\t\t\t<\/div>\n\t\t<\/section>\n\t\t\t\t<\/div>","protected":false},"excerpt":{"rendered":"<p>Top Terms and Conditions 1. Introduction These Website Standard Terms And Conditions (these \u201cTerms\u201d or these \u201cWebsite Standard Terms And Conditions\u201d) contained herein on this webpage, shall govern your use of this website, including all pages within this website (collectively referred to herein below as this \u201cWebsite\u201d). These Terms apply in full force and effect [&hellip;]<\/p>","protected":false},"author":1,"featured_media":0,"parent":0,"menu_order":0,"comment_status":"closed","ping_status":"closed","template":"","meta":{"site-sidebar-layout":"no-sidebar","site-content-layout":"page-builder","ast-site-content-layout":"","site-content-style":"default","site-sidebar-style":"default","ast-global-header-display":"","ast-banner-title-visibility":"","ast-main-header-display":"","ast-hfb-above-header-display":"","ast-hfb-below-header-display":"","ast-hfb-mobile-header-display":"","site-post-title":"disabled","ast-breadcrumbs-content":"","ast-featured-img":"disabled","footer-sml-layout":"","theme-transparent-header-meta":"enabled","adv-header-id-meta":"","stick-header-meta":"","header-above-stick-meta":"","header-main-stick-meta":"","header-below-stick-meta":"","astra-migrate-meta-layouts":"default","ast-page-background-enabled":"default","ast-page-background-meta":{"desktop":{"background-color":"","background-image":"","background-repeat":"repeat","background-position":"center center","background-size":"auto","background-attachment":"scroll","background-type":"","background-media":"","overlay-type":"","overlay-color":"","overlay-opacity":"","overlay-gradient":""},"tablet":{"background-color":"","background-image":"","background-repeat":"repeat","background-position":"center center","background-size":"auto","background-attachment":"scroll","background-type":"","background-media":"","overlay-type":"","overlay-color":"","overlay-opacity":"","overlay-gradient":""},"mobile":{"background-color":"","background-image":"","background-repeat":"repeat","background-position":"center center","background-size":"auto","background-attachment":"scroll","background-type":"","background-media":"","overlay-type":"","overlay-color":"","overlay-opacity":"","overlay-gradient":""}},"ast-content-background-meta":{"desktop":{"background-color":"var(--ast-global-color-5)","background-image":"","background-repeat":"repeat","background-position":"center center","background-size":"auto","background-attachment":"scroll","background-type":"","background-media":"","overlay-type":"","overlay-color":"","overlay-opacity":"","overlay-gradient":""},"tablet":{"background-color":"var(--ast-global-color-5)","background-image":"","background-repeat":"repeat","background-position":"center center","background-size":"auto","background-attachment":"scroll","background-type":"","background-media":"","overlay-type":"","overlay-color":"","overlay-opacity":"","overlay-gradient":""},"mobile":{"background-color":"var(--ast-global-color-5)","background-image":"","background-repeat":"repeat","background-position":"center center","background-size":"auto","background-attachment":"scroll","background-type":"","background-media":"","overlay-type":"","overlay-color":"","overlay-opacity":"","overlay-gradient":""}},"footnotes":""},"class_list":["post-4007","page","type-page","status-publish","hentry"],"_links":{"self":[{"href":"https:\/\/www.duunokid.com\/es\/wp-json\/wp\/v2\/pages\/4007","targetHints":{"allow":["GET"]}}],"collection":[{"href":"https:\/\/www.duunokid.com\/es\/wp-json\/wp\/v2\/pages"}],"about":[{"href":"https:\/\/www.duunokid.com\/es\/wp-json\/wp\/v2\/types\/page"}],"author":[{"embeddable":true,"href":"https:\/\/www.duunokid.com\/es\/wp-json\/wp\/v2\/users\/1"}],"replies":[{"embeddable":true,"href":"https:\/\/www.duunokid.com\/es\/wp-json\/wp\/v2\/comments?post=4007"}],"version-history":[{"count":12,"href":"https:\/\/www.duunokid.com\/es\/wp-json\/wp\/v2\/pages\/4007\/revisions"}],"predecessor-version":[{"id":6085,"href":"https:\/\/www.duunokid.com\/es\/wp-json\/wp\/v2\/pages\/4007\/revisions\/6085"}],"wp:attachment":[{"href":"https:\/\/www.duunokid.com\/es\/wp-json\/wp\/v2\/media?parent=4007"}],"curies":[{"name":"wp","href":"https:\/\/api.w.org\/{rel}","templated":true}]}}